{"id":74,"date":"2016-12-19T21:09:21","date_gmt":"2016-12-19T21:09:21","guid":{"rendered":"http:\/\/www.iisvogel.ch\/wp\/?page_id=74"},"modified":"2016-12-19T22:56:06","modified_gmt":"2016-12-19T22:56:06","slug":"reglement-2","status":"publish","type":"page","link":"https:\/\/www.iisvogel.ch\/wp\/?page_id=74","title":{"rendered":"Reglement"},"content":{"rendered":"<h2>Zielsetzung<\/h2>\n<p>Es handelt sich um einen Wettkampf, an dem alle Clubmitglieder teilnehmen k\u00f6nnen.<br \/>\nAngesprochen werden sowohl die Tschumpler wie auch die Thermik-Cracks. Die Gewinnchancen sind f\u00fcr alle gleich.<\/p>\n<h2>Teilnahmebedingungen<\/h2>\n<p>Im Minimum 2 iisv\u00f6gel-Mitglieder haben mindestens ein Top-Landing mit Anschliessendem Lunch zu absolvieren, damit eine g\u00fcltige Rangliste zustande kommt.<\/p>\n<h2>Allgemeine Bestimmungen<\/h2>\n<ul>\n<li>Wird die Jury nicht anders bestimmt, setzt sie sich aus dem Pr\u00e4sidenten und einem an der GV zu bestimmenden Clubmitglied, dem Lunch-Manager zusammen.<\/li>\n<li>Der Lunch-Manager ist f\u00fcr die Rangliste am Ende des Jahres verantwortlich.<\/li>\n<li>Die Touch and Lunch-Aufgabe kann im voraus oder in der Luft bestimmt werden.<\/li>\n<li>Ein g\u00fcltiger &#8222;Touch and Lunch&#8220; ist nur m\u00f6glich, wenn mindestens 2 Piloten am gleichen Tag gemeinsam lunchen.<\/li>\n<li>Der Lunch-Platz kann fliegend oder zu Fuss erreicht werden.<\/li>\n<li>Die komplette Gleitschirmausr\u00fcstung muss beim Lunch dabei sein.<\/li>\n<li>Mechanische Hilfsmittel sind nur bis zum ersten Startplatz pro Tag erlaubt.<\/li>\n<li>Der Lunch-Platz muss mindestes gleich hoch sein wie der Startplatz.<\/li>\n<li>W\u00e4hrend dem Lunch ist dem Lunch-Manager ein SMS zu schicken. Das SMS hat folgenden Inhalt zwingend vorzuweisen: Startplatz, Startplatzh\u00f6he, Lunch-Platz, Lunch-Platzh\u00f6he, H\u00f6henmeter zu Fuss, Anzahl iisv\u00f6gel, Anzahl PARAnoias.<\/li>\n<li>Die Wettkampfsaison dauert jeweils von GV zu GV.<\/li>\n<li>Sieger des Wettkampfes ist derjenige Teilnehmer mit den meisten Punkten, kumuliert von GV zu GV.<\/li>\n<li>Dem Gewinner steht der Wanderpreis bis zur n\u00e4chsten GV zur Verf\u00fcgung.<\/li>\n<li>Der letztj\u00e4hrige Gewinner hat den Preis sauber und mit gef\u00fcllten Seitentaschen (Wein) an die GV mitzubringen.<\/li>\n<li>Der Wettkampf ist nur g\u00fcltig, wenn der Wanderpreis an mindestens einem iisvogel-Anlass zum Einsatz kam.<\/li>\n<\/ul>\n<h2>Formel zur Punkte-Bestimmung eines &#8222;Touch and Lunchs&#8220;<\/h2>\n<p>Lunch-Platzh\u00f6he = L<br \/>\nStartplatzh\u00f6he = S<br \/>\nH\u00f6henmeter zu Fuss = F<br \/>\nAnzahl iisv\u00f6gel bei Lunch = I<br \/>\nAnzahl PARAnoias bei Lunch (verpflegt durch iisv\u00f6gel) = P<\/p>\n<p><a href=\"http:\/\/www.iisvogel.ch\/wp\/wp-content\/uploads\/2016\/12\/821e718288.jpg\"><img loading=\"lazy\" decoding=\"async\" class=\"alignnone size-medium wp-image-91\" src=\"http:\/\/www.iisvogel.ch\/wp\/wp-content\/uploads\/2016\/12\/821e718288-300x57.jpg\" alt=\"821e718288\" width=\"300\" height=\"57\" \/><\/a><\/p>\n<h2>Haftungsablehnung<\/h2>\n<p>Der Verfasser des Wettkampfreglements lehnt jegliche Haftung f\u00fcr m\u00f6gliche aus dem Wettkampf entstehenden Folgesch\u00e4den ab.<\/p>\n<p>Reglements\u00e4nderungen k\u00f6nnen nur in Absprache mit den PARAnoias vollzogen werden. Die Inkraftsetzung der \u00c4nderungen erfolgt an der n\u00e4chsten iisvogel-GV.<\/p>\n<p><em>Hinweis des Bundesamtes f\u00fcr Gesundheitswesen: Gleitschirmfliegen in stockbesoffenem Zustand gef\u00e4hrdet Ihre Gesundheit.<\/em><\/p>\n<p>Der Verfasser:<br \/>\nPARAnoia Gleitschirm Club, Postfach 8316, CH &#8211; 8021 Z\u00fcrich<\/p>\n","protected":false},"excerpt":{"rendered":"<p>Zielsetzung Es handelt sich um einen Wettkampf, an dem alle Clubmitglieder teilnehmen k\u00f6nnen. Angesprochen werden sowohl die Tschumpler wie auch die Thermik-Cracks. Die Gewinnchancen sind f\u00fcr alle gleich. Teilnahmebedingungen Im Minimum 2 iisv\u00f6gel-Mitglieder haben mindestens ein Top-Landing mit Anschliessendem Lunch zu absolvieren, damit eine g\u00fcltige Rangliste zustande kommt. Allgemeine Bestimmungen Wird die Jury nicht anders bestimmt, setzt sie sich aus&#8230; <a href=\"https:\/\/www.iisvogel.ch\/wp\/?page_id=74\">Read more &raquo;<\/a><\/p>\n","protected":false},"author":1,"featured_media":0,"parent":49,"menu_order":0,"comment_status":"closed","ping_status":"closed","template":"","meta":{"footnotes":""},"_links":{"self":[{"href":"https:\/\/www.iisvogel.ch\/wp\/index.php?rest_route=\/wp\/v2\/pages\/74"}],"collection":[{"href":"https:\/\/www.iisvogel.ch\/wp\/index.php?rest_route=\/wp\/v2\/pages"}],"about":[{"href":"https:\/\/www.iisvogel.ch\/wp\/index.php?rest_route=\/wp\/v2\/types\/page"}],"author":[{"embeddable":true,"href":"https:\/\/www.iisvogel.ch\/wp\/index.php?rest_route=\/wp\/v2\/users\/1"}],"replies":[{"embeddable":true,"href":"https:\/\/www.iisvogel.ch\/wp\/index.php?rest_route=%2Fwp%2Fv2%2Fcomments&post=74"}],"version-history":[{"count":4,"href":"https:\/\/www.iisvogel.ch\/wp\/index.php?rest_route=\/wp\/v2\/pages\/74\/revisions"}],"predecessor-version":[{"id":92,"href":"https:\/\/www.iisvogel.ch\/wp\/index.php?rest_route=\/wp\/v2\/pages\/74\/revisions\/92"}],"up":[{"embeddable":true,"href":"https:\/\/www.iisvogel.ch\/wp\/index.php?rest_route=\/wp\/v2\/pages\/49"}],"wp:attachment":[{"href":"https:\/\/www.iisvogel.ch\/wp\/index.php?rest_route=%2Fwp%2Fv2%2Fmedia&parent=74"}],"curies":[{"name":"wp","href":"https:\/\/api.w.org\/{rel}","templated":true}]}}