{"id":439,"date":"2020-11-26T22:48:02","date_gmt":"2020-11-26T20:48:02","guid":{"rendered":"https:\/\/www.iisvogel.ch\/wp\/?page_id=439"},"modified":"2025-10-26T09:45:39","modified_gmt":"2025-10-26T07:45:39","slug":"habrueti-open","status":"publish","type":"page","link":"https:\/\/www.iisvogel.ch\/wp\/?page_id=439","title":{"rendered":"Habr\u00fcti-Open"},"content":{"rendered":"\n<p>Das Habr\u00fcti-Open findet j\u00e4hrlich am Hausberg statt.<br><br>Die Troph\u00e4e ziert danach die Stube des Siegers.<\/p>\n\n\n\n<figure class=\"wp-block-table alignleft\"><table><tbody><tr><th>Jahr<\/th><th>Sieger<\/th><th>Bericht<\/th><th> Bemerkung <\/th><\/tr><tr><td>2025<\/td><td>Nils<\/td><td><img loading=\"lazy\" decoding=\"async\" width=\"150\" height=\"142\" class=\"wp-image-2096\" style=\"width: 150px;\" src=\"https:\/\/www.iisvogel.ch\/wp\/wp-content\/uploads\/2025\/10\/Sieger-2025-scaled-e1761464728777.jpg\" alt=\"\" srcset=\"https:\/\/www.iisvogel.ch\/wp\/wp-content\/uploads\/2025\/10\/Sieger-2025-scaled-e1761464728777.jpg 1173w, https:\/\/www.iisvogel.ch\/wp\/wp-content\/uploads\/2025\/10\/Sieger-2025-scaled-e1761464728777-300x285.jpg 300w, https:\/\/www.iisvogel.ch\/wp\/wp-content\/uploads\/2025\/10\/Sieger-2025-scaled-e1761464728777-1024x972.jpg 1024w, https:\/\/www.iisvogel.ch\/wp\/wp-content\/uploads\/2025\/10\/Sieger-2025-scaled-e1761464728777-768x729.jpg 768w\" sizes=\"(max-width: 150px) 100vw, 150px\" \/><a href=\"https:\/\/www.iisvogel.ch\/wp\/wp-content\/uploads\/2025\/10\/Sieger-2025-scaled.jpg\"><\/a><a href=\"https:\/\/www.iisvogel.ch\/wp\/wp-content\/uploads\/2025\/10\/Sieger-2025-scaled.jpg\"><\/a><\/td><td>Der j\u00fcngste Sieger <\/td><\/tr><tr><td>2024<\/td><td>Alex<\/td><td><a href=\"https:\/\/www.iisvogel.ch\/wp\/?p=1412\" data-type=\"post\" data-id=\"1412\"><img loading=\"lazy\" decoding=\"async\" width=\"190\" height=\"118\" class=\"wp-image-1426\" style=\"width: 190px;\" src=\"https:\/\/www.iisvogel.ch\/wp\/wp-content\/uploads\/2024\/06\/IMG_2202-001.jpg\" alt=\"\" srcset=\"https:\/\/www.iisvogel.ch\/wp\/wp-content\/uploads\/2024\/06\/IMG_2202-001.jpg 752w, https:\/\/www.iisvogel.ch\/wp\/wp-content\/uploads\/2024\/06\/IMG_2202-001-300x187.jpg 300w\" sizes=\"(max-width: 190px) 100vw, 190px\" \/><\/a><\/td><td><\/td><\/tr><tr><td>2023<\/td><td>Manu<\/td><td><a href=\"https:\/\/www.iisvogel.ch\/wp\/?page_id=1210\" data-type=\"page\" data-id=\"439\"><img loading=\"lazy\" decoding=\"async\" width=\"190\" height=\"119\" class=\"wp-image-1425\" style=\"width: 190px;\" src=\"https:\/\/www.iisvogel.ch\/wp\/wp-content\/uploads\/2024\/06\/HRO-2023-041.jpg\" alt=\"\" srcset=\"https:\/\/www.iisvogel.ch\/wp\/wp-content\/uploads\/2024\/06\/HRO-2023-041.jpg 800w, https:\/\/www.iisvogel.ch\/wp\/wp-content\/uploads\/2024\/06\/HRO-2023-041-300x188.jpg 300w, https:\/\/www.iisvogel.ch\/wp\/wp-content\/uploads\/2024\/06\/HRO-2023-041-768x480.jpg 768w\" sizes=\"(max-width: 190px) 100vw, 190px\" \/><\/a><\/td><td><\/td><\/tr><tr><td>2022<\/td><td><em>Oli<\/em><\/td><td><a href=\"https:\/\/www.iisvogel.ch\/wp\/?p=959\" data-type=\"post\" data-id=\"959\"><img decoding=\"async\" src=\"https:\/\/www.iisvogel.ch\/wp\/wp-content\/uploads\/2022\/06\/HRO-2022-005-1.jpg\"><\/a><\/td><td>Inoffiziell, nicht am Hausberg:<br>Schaufelberger Egg<\/td><\/tr><tr><td>2021<\/td><td>J\u00f6rg<\/td><td><a href=\"https:\/\/www.iisvogel.ch\/wp\/?p=593\" data-type=\"post\" data-id=\"593\"><img decoding=\"async\" src=\"https:\/\/www.iisvogel.ch\/wp\/wp-content\/uploads\/2022\/06\/HRO-2021.jpg\"><\/a><\/td><td><\/td><\/tr><tr><td>2020<\/td><td>Alex<\/td><td><a href=\"https:\/\/www.iisvogel.ch\/wp\/?p=373\"><img decoding=\"async\" src=\"https:\/\/www.iisvogel.ch\/wp\/wp-content\/uploads\/photo-gallery\/2020\/thumb\/HabruetiOpen_2020_015.jpg\"><\/a><\/td><td><\/td><\/tr><tr><td><em>2019<\/em><\/td><td><em>Chrigel<\/em><\/td><td><a href=\"https:\/\/www.iisvogel.ch\/wp\/?p=295\"><img decoding=\"async\" src=\"https:\/\/www.iisvogel.ch\/wp\/wp-content\/uploads\/2020\/11\/HRO2019chrigel.png\"><\/a><\/td><td>Inoffiziell, nicht am Hausberg:<br>Schaufelberger Egg<br><\/td><\/tr><tr><td>2018<\/td><td>J\u00f6rg<\/td><td><a href=\"https:\/\/www.iisvogel.ch\/wp\/?p=232\"><img decoding=\"async\" src=\"https:\/\/www.iisvogel.ch\/wp\/wp-content\/uploads\/2020\/11\/HRO2018jorg.png\"><\/a><\/td><td><\/td><\/tr><tr><td>2017<\/td><td>Manu<\/td><td><a href=\"https:\/\/www.iisvogel.ch\/wp\/?p=114\">HRO 2017<\/a><\/td><td><\/td><\/tr><tr><td>2016<\/td><td>&#8211;<\/td><td><a href=\"https:\/\/www.iisvogel.ch\/wp\/?p=97\"><img decoding=\"async\" src=\"https:\/\/www.iisvogel.ch\/wp\/wp-content\/uploads\/2020\/11\/HRO2016alex.png\"><\/a><\/td><td>Nicht gewertet,<br>Gewitter am Startplatz<\/td><\/tr><tr><td><em>2015<\/em><\/td><td><em>Armin<\/em><\/td><td><img decoding=\"async\" src=\"https:\/\/www.iisvogel.ch\/wp\/wp-content\/uploads\/2020\/11\/Habrueti-013.jpg\"><\/td><td>Inoffiziell, nicht am Hausberg:<br>Schaufelberger Egg <\/td><\/tr><tr><td>2014<\/td><td>Pipo<\/td><td><\/td><td><\/td><\/tr><tr><td>2013<\/td><td>Pipo<\/td><td><\/td><td><\/td><\/tr><tr><td>2012<\/td><td>J\u00f6rg<\/td><td><\/td><td><\/td><\/tr><tr><td>2011<\/td><td>J\u00f6rg<\/td><td><\/td><td><\/td><\/tr><tr><td>2010<\/td><td>Alex &amp; Christine<\/td><td><\/td><td><\/td><\/tr><tr><td>2009<\/td><td>?<\/td><td><\/td><td><\/td><\/tr><tr><td><em>2008<\/em><\/td><td><em>Alex<\/em><\/td><td><\/td><td>Inoffiziell, nicht am Hausberg:<br>Fronalpstock  <\/td><\/tr><tr><td>2007<\/td><td>Chrigel<\/td><td><\/td><td><\/td><\/tr><tr><td>2006<\/td><td>&#8211;<\/td><td><\/td><td>nicht durchgef\u00fchrt<\/td><\/tr><tr><td>2005<\/td><td>Ezio<\/td><td><\/td><td><\/td><\/tr><tr><td>2004<\/td><td>Alex<\/td><td><\/td><td><\/td><\/tr><tr><td>2003<\/td><td>Alex<\/td><td><\/td><td><\/td><\/tr><tr><td>2002<\/td><td>Alex<br><\/td><td><\/td><td><\/td><\/tr><tr><td>2001<\/td><td>Alex<\/td><td><\/td><td><\/td><\/tr><\/tbody><\/table><\/figure>\n\n\n\n<p><br><\/p>\n","protected":false},"excerpt":{"rendered":"<p>Das Habr\u00fcti-Open findet j\u00e4hrlich am Hausberg statt. Die Troph\u00e4e ziert danach die Stube des Siegers. Jahr Sieger Bericht Bemerkung 2025 Nils Der j\u00fcngste Sieger 2024 Alex 2023 Manu 2022 Oli Inoffiziell, nicht am Hausberg:Schaufelberger Egg 2021 J\u00f6rg 2020 Alex 2019 Chrigel Inoffiziell, nicht am Hausberg:Schaufelberger Egg 2018 J\u00f6rg 2017 Manu HRO 2017 2016 &#8211; Nicht gewertet,Gewitter am Startplatz 2015 Armin&#8230; <a href=\"https:\/\/www.iisvogel.ch\/wp\/?page_id=439\">Read more &raquo;<\/a><\/p>\n","protected":false},"author":1,"featured_media":0,"parent":0,"menu_order":5,"comment_status":"closed","ping_status":"closed","template":"","meta":{"footnotes":""},"_links":{"self":[{"href":"https:\/\/www.iisvogel.ch\/wp\/index.php?rest_route=\/wp\/v2\/pages\/439"}],"collection":[{"href":"https:\/\/www.iisvogel.ch\/wp\/index.php?rest_route=\/wp\/v2\/pages"}],"about":[{"href":"https:\/\/www.iisvogel.ch\/wp\/index.php?rest_route=\/wp\/v2\/types\/page"}],"author":[{"embeddable":true,"href":"https:\/\/www.iisvogel.ch\/wp\/index.php?rest_route=\/wp\/v2\/users\/1"}],"replies":[{"embeddable":true,"href":"https:\/\/www.iisvogel.ch\/wp\/index.php?rest_route=%2Fwp%2Fv2%2Fcomments&post=439"}],"version-history":[{"count":16,"href":"https:\/\/www.iisvogel.ch\/wp\/index.php?rest_route=\/wp\/v2\/pages\/439\/revisions"}],"predecessor-version":[{"id":2098,"href":"https:\/\/www.iisvogel.ch\/wp\/index.php?rest_route=\/wp\/v2\/pages\/439\/revisions\/2098"}],"wp:attachment":[{"href":"https:\/\/www.iisvogel.ch\/wp\/index.php?rest_route=%2Fwp%2Fv2%2Fmedia&parent=439"}],"curies":[{"name":"wp","href":"https:\/\/api.w.org\/{rel}","templated":true}]}}