{"id":2,"date":"2016-12-13T16:10:49","date_gmt":"2016-12-13T14:10:49","guid":{"rendered":"http:\/\/www.iisvogel.ch\/wp\/?page_id=2"},"modified":"2025-11-02T10:59:01","modified_gmt":"2025-11-02T08:59:01","slug":"sample-page","status":"publish","type":"page","link":"https:\/\/www.iisvogel.ch\/wp\/?page_id=2","title":{"rendered":"Club"},"content":{"rendered":"\n<h2 class=\"wp-block-heading\"><a href=\"http:\/\/www.iisvogel.ch\/wp\/wp-content\/uploads\/2016\/12\/162301060d.jpg\"><img loading=\"lazy\" decoding=\"async\" class=\"alignnone size-medium wp-image-46\" src=\"http:\/\/www.iisvogel.ch\/wp\/wp-content\/uploads\/2016\/12\/162301060d-300x200.jpg\" alt=\"162301060d\" width=\"300\" height=\"200\" srcset=\"https:\/\/www.iisvogel.ch\/wp\/wp-content\/uploads\/2016\/12\/162301060d-300x200.jpg 300w, https:\/\/www.iisvogel.ch\/wp\/wp-content\/uploads\/2016\/12\/162301060d-400x267.jpg 400w, https:\/\/www.iisvogel.ch\/wp\/wp-content\/uploads\/2016\/12\/162301060d.jpg 550w\" sizes=\"(max-width: 300px) 100vw, 300px\" \/><\/a><\/h2>\n\n\n\n<h2 class=\"wp-block-heading\">Eckdaten<\/h2>\n\n\n\n<figure class=\"wp-block-table is-style-stripes\"><table class=\"has-fixed-layout\"><tbody><tr><td>Gr\u00fcndungsjahr:<\/td><td>1991<\/td><\/tr><tr><td>Anzahl Mitglieder:<\/td><td>31<\/td><\/tr><tr><td>Alter der Mitglieder:<\/td><td>26-67 (\u00d846)<\/td><\/tr><tr><td>Mitgliederjahre:<\/td><td>0-34 (\u00d811)<\/td><\/tr><\/tbody><\/table><\/figure>\n\n\n\n<h2 class=\"wp-block-heading\">Adresse<\/h2>\n\n\n\n<p><b>Pr\u00e4sident<\/b><br>Simon Wenger<br>Elisabethenstr. 15<br>8620 Wetzikon<\/p>\n\n\n\n<p>sweng@gmx.ch<\/p>\n\n\n\n<h3 class=\"wp-block-heading\">Statuten<\/h3>\n\n\n\n<p><a href=\"https:\/\/www.iisvogel.ch\/wp\/wp-content\/uploads\/2024\/12\/iisvogel-Statuten-2023.pdf\">iisvogel Statuten (PDF)<\/a><\/p>\n\n\n\n<h3 class=\"wp-block-heading\">Mitglied werden<\/h3>\n\n\n\n<p><a href=\"https:\/\/www.iisvogel.ch\/wp\/wp-content\/uploads\/2024\/12\/Anmeldung-2025.pdf\">Anmeldeformular 2025 (PDF)<\/a> ausf\u00fcllen, ausdrucken und einsenden.<\/p>\n\n\n\n<p><\/p>\n","protected":false},"excerpt":{"rendered":"<p>Eckdaten Gr\u00fcndungsjahr: 1991 Anzahl Mitglieder: 31 Alter der Mitglieder: 26-67 (\u00d846) Mitgliederjahre: 0-34 (\u00d811) Adresse Pr\u00e4sidentSimon WengerElisabethenstr. 158620 Wetzikon sweng@gmx.ch Statuten iisvogel Statuten (PDF) Mitglied werden Anmeldeformular 2025 (PDF) ausf\u00fcllen, ausdrucken und einsenden.<\/p>\n","protected":false},"author":1,"featured_media":46,"parent":0,"menu_order":3,"comment_status":"closed","ping_status":"closed","template":"","meta":{"footnotes":""},"_links":{"self":[{"href":"https:\/\/www.iisvogel.ch\/wp\/index.php?rest_route=\/wp\/v2\/pages\/2"}],"collection":[{"href":"https:\/\/www.iisvogel.ch\/wp\/index.php?rest_route=\/wp\/v2\/pages"}],"about":[{"href":"https:\/\/www.iisvogel.ch\/wp\/index.php?rest_route=\/wp\/v2\/types\/page"}],"author":[{"embeddable":true,"href":"https:\/\/www.iisvogel.ch\/wp\/index.php?rest_route=\/wp\/v2\/users\/1"}],"replies":[{"embeddable":true,"href":"https:\/\/www.iisvogel.ch\/wp\/index.php?rest_route=%2Fwp%2Fv2%2Fcomments&post=2"}],"version-history":[{"count":15,"href":"https:\/\/www.iisvogel.ch\/wp\/index.php?rest_route=\/wp\/v2\/pages\/2\/revisions"}],"predecessor-version":[{"id":2103,"href":"https:\/\/www.iisvogel.ch\/wp\/index.php?rest_route=\/wp\/v2\/pages\/2\/revisions\/2103"}],"wp:featuredmedia":[{"embeddable":true,"href":"https:\/\/www.iisvogel.ch\/wp\/index.php?rest_route=\/wp\/v2\/media\/46"}],"wp:attachment":[{"href":"https:\/\/www.iisvogel.ch\/wp\/index.php?rest_route=%2Fwp%2Fv2%2Fmedia&parent=2"}],"curies":[{"name":"wp","href":"https:\/\/api.w.org\/{rel}","templated":true}]}}