{"id":1674,"date":"2025-03-30T14:57:35","date_gmt":"2025-03-30T12:57:35","guid":{"rendered":"https:\/\/www.iisvogel.ch\/wp\/?page_id=1674"},"modified":"2025-10-26T10:23:56","modified_gmt":"2025-10-26T08:23:56","slug":"planungshilfen","status":"publish","type":"page","link":"https:\/\/www.iisvogel.ch\/wp\/?page_id=1674","title":{"rendered":"Werkzeuge"},"content":{"rendered":"\n<h2 class=\"wp-block-heading\">DABS<\/h2>\n\n\n\n<p><a href=\"https:\/\/www.skybriefing.com\/de\/home\" target=\"_blank\" rel=\"noreferrer noopener\">=&gt; DABS<\/a><br><\/p>\n\n\n\n<h2 class=\"wp-block-heading\">Luftraum und Hindernisse<\/h2>\n\n\n\n<p><a href=\"https:\/\/map.geo.admin.ch\/#\/map?lang=de&amp;center=2703401.92,1246882.82&amp;z=3.14&amp;topic=ech&amp;layers=ch.swisstopo.zeitreihen@year=1864,f;ch.bfs.gebaeude_wohnungs_register,f;ch.bav.haltestellen-oev,f;ch.swisstopo.swisstlm3d-wanderwege,f;ch.vbs.schiessanzeigen,f;ch.astra.wanderland-sperrungen_umleitungen,f;ch.bazl.segelflugkarte&amp;bgLayer=ch.swisstopo.pixelkarte-farbe\" target=\"_blank\" rel=\"noreferrer noopener\">=&gt; Segelflugkarte 2D: Map.geo<\/a><br><a href=\"https:\/\/airspace.xcontest.org\/\" target=\"_blank\" rel=\"noreferrer noopener\">=&gt; Luftr\u00e4ume: XContest<\/a><br><a href=\"https:\/\/www.pdcs.ch\/aktuell\/2021\/03\/31\/luftraum-in-3d\/\" target=\"_blank\" rel=\"noreferrer noopener\">=&gt; Luftr\u00e4ume in 3D: PDC<\/a><br> <a href=\"https:\/\/map.geo.admin.ch\/#\/map?lang=de&amp;center=2721131.07,1223198.66&amp;z=3.768&amp;topic=aviation&amp;layers=ch.bazl.luftfahrthindernis&amp;bgLayer=ch.swisstopo.pixelkarte-grau&amp;featureInfo=default&amp;catalogNodes=aviation,1379\" target=\"_blank\" rel=\"noreferrer noopener\">=&gt; Luftraumhindernisse 2D: Map.geo<\/a><br><\/p>\n\n\n\n<h2 class=\"wp-block-heading\">Touren- und Routenplanung<\/h2>\n\n\n\n<p><a href=\"https:\/\/flyxc.app\/\" target=\"_blank\" rel=\"noreferrer noopener\">=> Streckenflugplaner: flyXC<\/a><br><a href=\"https:\/\/map.geo.admin.ch\/#\/map?lang=de&amp;center=2697632.22,1196127.84&amp;z=2.672&amp;topic=ech&amp;layers=ch.swisstopo.zeitreihen@year=1864,f;ch.bfs.gebaeude_wohnungs_register,f;ch.bav.haltestellen-oev,f;ch.swisstopo.swisstlm3d-wanderwege;ch.vbs.schiessanzeigen,f;ch.astra.wanderland-sperrungen_umleitungen,f&amp;bgLayer=ch.swisstopo.pixelkarte-farbe\" target=\"_blank\" rel=\"noreferrer noopener\">=> Wanderwegnetz: map.geo<\/a><br><a href=\"https:\/\/en-gb.topographic-map.com\/map-qjgp\/Switzerland\/?center=47.08561%2C9.06977&amp;zoom=14&amp;base=2\" target=\"_blank\" rel=\"noreferrer noopener\">=> Topographische Karte, H\u00f6he eingef\u00e4rbt<\/a><br><a href=\"http:\/\/www.hikeandfly.org\/?lat=46.946043534099616&amp;lng=8.690872192382814&amp;zoom=11\" target=\"_blank\" rel=\"noreferrer noopener\">=> Gleitwinkelrechner<\/a><br><a href=\"https:\/\/whiterisk.ch\/de\/conditions\/snow-maps\/snow_depth\" target=\"_blank\" rel=\"noreferrer noopener\">=> Schneeh\u00f6he: WhiteRisk<\/a><br><a href=\"https:\/\/www.peakfinder.com\/de\/?lat=46.77250&amp;lng=9.62278&amp;ele=2496&amp;azi=339.14&amp;alt=-2&amp;fov=108.25&amp;cfg=s&amp;name=H\u00f6rnli\" target=\"_blank\" rel=\"noreferrer noopener\">=> Panorama und Sonnenstand: PeakFinder<\/a><\/p>\n\n\n\n<h2 class=\"wp-block-heading\">Infos zu Fluggebieten<\/h2>\n\n\n\n<p><a href=\"https:\/\/www.shv-fsvl.ch\/fluggebiete-sicherheit\/fluggebiete\/fluggebiete\" data-type=\"link\" data-id=\"https:\/\/www.shv-fsvl.ch\/fluggebiete-sicherheit\/fluggebiete\/fluggebiete\" target=\"_blank\" rel=\"noreferrer noopener\">=&gt; Fluggebietsinfo: SHV<\/a><br><a href=\"https:\/\/www.paragliding365.com\/index-p-flightarea1_2_0.html\" target=\"_blank\" rel=\"noreferrer noopener\">=&gt; Fluggebietsinfos: Paragliding 365<\/a><br><a href=\"https:\/\/paraglidingspots.com\" data-type=\"link\" data-id=\"https:\/\/paraglidingspots.com\" target=\"_blank\" rel=\"noreferrer noopener\">=&gt; Fluggebiete: Paraglidingspots<\/a><br><\/p>\n\n\n\n<h2 class=\"wp-block-heading\">Wind und Risikobeurteilung<\/h2>\n\n\n\n<p><a href=\"https:\/\/www.meteo-shv.ch\/assets\/media\/Downloads\/RZ_Alpines_Pumpen_A2.pdf\" target=\"_blank\" rel=\"noreferrer noopener\">=> Talwind, Alpines Pumpen: SHV<\/a><br><a href=\"https:\/\/www.meteo-shv.ch\/assets\/media\/Downloads\/Meteo\/Entscheidungsstrategie_Meteo.pdf\" target=\"_blank\" rel=\"noreferrer noopener\">=> 3&#215;3 Entscheidungs- und Beurteilungsrahmen: SHV<\/a><br><\/p>\n\n\n\n<h2 class=\"wp-block-heading\">Diverses<\/h2>\n\n\n\n<p><a href=\"https:\/\/www.xcontest.org\/switzerland\/en\/ranking-pg-club:1287\" target=\"_blank\" rel=\"noreferrer noopener\">=&gt; Clubwertung XContest<\/a><br><a href=\"https:\/\/airtome.github.io\/\" target=\"_blank\" rel=\"noreferrer noopener\">=&gt; Offline Flugbuch: Airtome<\/a><br><a href=\"https:\/\/lu-glidz.blogspot.com\/\" data-type=\"link\" data-id=\"https:\/\/lu-glidz.blogspot.com\/\" target=\"_blank\" rel=\"noreferrer noopener\">=&gt; Podcast, News und Infos: lu-glidz<\/a><br><br><\/p>\n","protected":false},"excerpt":{"rendered":"<p>DABS =&gt; DABS Luftraum und Hindernisse =&gt; Segelflugkarte 2D: Map.geo=&gt; Luftr\u00e4ume: XContest=&gt; Luftr\u00e4ume in 3D: PDC =&gt; Luftraumhindernisse 2D: Map.geo Touren- und Routenplanung => Streckenflugplaner: flyXC=> Wanderwegnetz: map.geo=> Topographische Karte, H\u00f6he eingef\u00e4rbt=> Gleitwinkelrechner=> Schneeh\u00f6he: WhiteRisk=> Panorama und Sonnenstand: PeakFinder Infos zu Fluggebieten =&gt; Fluggebietsinfo: SHV=&gt; Fluggebietsinfos: Paragliding 365=&gt; Fluggebiete: Paraglidingspots Wind und Risikobeurteilung => Talwind, Alpines Pumpen: SHV=> 3&#215;3 Entscheidungs-&#8230; <a href=\"https:\/\/www.iisvogel.ch\/wp\/?page_id=1674\">Read more &raquo;<\/a><\/p>\n","protected":false},"author":1,"featured_media":0,"parent":0,"menu_order":3,"comment_status":"closed","ping_status":"closed","template":"","meta":{"footnotes":""},"_links":{"self":[{"href":"https:\/\/www.iisvogel.ch\/wp\/index.php?rest_route=\/wp\/v2\/pages\/1674"}],"collection":[{"href":"https:\/\/www.iisvogel.ch\/wp\/index.php?rest_route=\/wp\/v2\/pages"}],"about":[{"href":"https:\/\/www.iisvogel.ch\/wp\/index.php?rest_route=\/wp\/v2\/types\/page"}],"author":[{"embeddable":true,"href":"https:\/\/www.iisvogel.ch\/wp\/index.php?rest_route=\/wp\/v2\/users\/1"}],"replies":[{"embeddable":true,"href":"https:\/\/www.iisvogel.ch\/wp\/index.php?rest_route=%2Fwp%2Fv2%2Fcomments&post=1674"}],"version-history":[{"count":20,"href":"https:\/\/www.iisvogel.ch\/wp\/index.php?rest_route=\/wp\/v2\/pages\/1674\/revisions"}],"predecessor-version":[{"id":2101,"href":"https:\/\/www.iisvogel.ch\/wp\/index.php?rest_route=\/wp\/v2\/pages\/1674\/revisions\/2101"}],"wp:attachment":[{"href":"https:\/\/www.iisvogel.ch\/wp\/index.php?rest_route=%2Fwp%2Fv2%2Fmedia&parent=1674"}],"curies":[{"name":"wp","href":"https:\/\/api.w.org\/{rel}","templated":true}]}}